{"id":4331,"date":"2018-12-12T23:30:50","date_gmt":"2018-12-12T20:30:50","guid":{"rendered":"http:\/\/www.ansolon.site\/?page_id=4331"},"modified":"2018-12-18T16:06:57","modified_gmt":"2018-12-18T13:06:57","slug":"kvkk-hakkinda-bilgilendirme","status":"publish","type":"page","link":"https:\/\/www.teddenizli.k12.tr\/en\/kurumsal\/kvkk-hakkinda-bilgilendirme\/","title":{"rendered":"KVKK Hakk\u0131nda Bilgilendirme"},"content":{"rendered":"<p><strong>K\u0130\u015e\u0130SEL VER\u0130LER\u0130N KORUNMASI KANUNU HAKKINDA B\u0130LG\u0130LEND\u0130RME<\/strong><\/p>\n<p>TED Denizli Koleji olarak 6698 say\u0131l\u0131 Ki\u015fisel Verilerin Korunmas\u0131 Kanunu (\u201cKVKK\u201d) uyar\u0131nca; \u201cVeri Sorumlusu\u201d s\u0131fat\u0131yla, i\u015fleme amac\u0131 ile ba\u011flant\u0131l\u0131, s\u0131n\u0131rl\u0131 ve \u00f6l\u00e7\u00fcl\u00fc olacak \u015fekilde talep etti\u011fimiz ve Siz Say\u0131n Velilerimizin bizimle payla\u015fm\u0131\u015f oldu\u011fu velisi bulundu\u011funuz \u00f6\u011frenciye ve kendinize ait ki\u015fisel verilerinizin, yine i\u015flenmelerini gerektiren ama\u00e7 \u00e7er\u00e7evesinde; kaydedilecek, depolanacak, muhafaza edilecek, yeniden d\u00fczenlenecek, kanunen bu ki\u015fisel verileri talep etmeye yetkili olan kurumlar ile payla\u015f\u0131lacak, KVKK\u2019n\u0131n \u00f6ng\u00f6rd\u00fc\u011f\u00fc hallerde ve ko\u015fullarda, yurti\u00e7i veya yurtd\u0131\u015f\u0131 \u00fc\u00e7\u00fcnc\u00fc ki\u015filere aktar\u0131labilecek, devredilebilecek, s\u0131n\u0131fland\u0131r\u0131labilecek ve KVKK\u2019da say\u0131lan sair \u015fekillerde i\u015flenebilecek oldu\u011funu bildiririz.<\/p>\n<p>Ki\u015fisel verileriniz, ba\u015fta kimlik bilgileri olmak \u00fczere, IP, adres, telefon, e-posta adresleri gibi ileti\u015fim bilgileri; ara\u00e7 ve plaka bilgileri; aile durum bilgileri; i\u015f unvan\u0131, meslek ve i\u015fyeri bilgileri; not bilgileri, e\u011fitim d\u00fczeyi bilgileri ve foto\u011fraf, g\u00f6r\u00fcnt\u00fc gibi bilgileri ifade etmektedir.<\/p>\n<p>Ki\u015fisel verileriniz s\u00f6zl\u00fc, yaz\u0131l\u0131 veya elektronik ortamda; web sitemiz, e-posta veya yaz\u0131l\u0131 ba\u015fvuru gibi kanallar arac\u0131l\u0131\u011f\u0131yla toplanabilir. Veriler yasal s\u00fcrelere tabi olarak kendi veri tabanlar\u0131m\u0131zda tutulmakta, bulut ortam\u0131na aktar\u0131lmamaktad\u0131r. Toplanan t\u00fcm bilgiler KVKK\u2019n\u0131n 11. maddesi gere\u011fi bize\u00a0<a href=\"mailto:info@teddenizli.k12.tr\">info@teddenizli.k12.tr<\/a>\u00a0\u00a0adresine eposta g\u00f6ndererek, ki\u015fisel verilerinizin;<\/p>\n<p>a) i\u015flenip i\u015flenmedi\u011fini \u00f6\u011frenme,<br \/>\nb) i\u015flenmi\u015fse bilgi talep etme,<br \/>\nc) i\u015flenme amac\u0131n\u0131 ve amac\u0131na uygun kullan\u0131l\u0131p kullan\u0131lmad\u0131\u011f\u0131n\u0131 \u00f6\u011frenme,<br \/>\n\u00e7) yurti\u00e7inde (her t\u00fcrl\u00fc resmi kurum ve kurulu\u015f ile ba\u011fl\u0131 kurum ve kurulu\u015flar gibi) veya yurtd\u0131\u015f\u0131nda (uluslararas\u0131 akademik programlar\u0131n y\u00fcr\u00fct\u00fcld\u00fc\u011f\u00fc organizasyonlar, yurt d\u0131\u015f\u0131 \u00fcniversite ba\u015fvurular\u0131 ile ilgili kurulu\u015flar, \u00f6\u011frenci de\u011fi\u015fim programlar\u0131n\u0131 y\u00fcr\u00fcten kurulu\u015flar vb.) aktar\u0131ld\u0131\u011f\u0131 3. ki\u015fileri bilme<br \/>\nd) eksik veya yanl\u0131\u015f i\u015flenmi\u015fse d\u00fczeltilmesini isteme,<br \/>\ne) KVKK\u2019n\u0131n 7. maddesinde \u00f6ng\u00f6r\u00fclen \u015fartlar \u00e7er\u00e7evesinde silinmesini\/yok edilmesini isteme,<br \/>\nf) aktar\u0131ld\u0131\u011f\u0131 3. ki\u015filere yukar\u0131da say\u0131lan (d) ve (e) bentleri uyar\u0131nca yap\u0131lan i\u015flemlerin bildirilmesini isteme,<br \/>\ng) m\u00fcnhas\u0131ran otomatik sistemler ile analiz edilmesi nedeniyle aleyhinize bir sonucun ortaya \u00e7\u0131kmas\u0131na itiraz etme,<br \/>\n\u011f) kanuna ayk\u0131r\u0131 olarak i\u015flenmesi sebebiyle zarara u\u011framan\u0131z h\u00e2linde zarar\u0131n giderilmesini talep etme hakk\u0131na sahipsiniz.<\/p>\n<p>Ba\u015fvurunuzda yer alan talepleriniz, talebin niteli\u011fine g\u00f6re en k\u0131sa s\u00fcrede ve en ge\u00e7 otuz g\u00fcn i\u00e7inde \u00fccretsiz olarak sonu\u00e7land\u0131r\u0131lacakt\u0131r. Ancak, i\u015flemin TED Denizli Koleji i\u00e7in ayr\u0131ca bir maliyeti gerektirmesi h\u00e2linde, Ki\u015fisel Verileri Koruma Kurulu taraf\u0131ndan belirlenen tarifedeki \u00fccret al\u0131nabilir.<\/p>\n<p>Sayg\u0131lar\u0131m\u0131zla,<\/p>\n<p>TED Denizli Koleji<\/p>\n","protected":false},"excerpt":{"rendered":"<p>K\u0130\u015e\u0130SEL VER\u0130LER\u0130N KORUNMASI KANUNU HAKKINDA B\u0130LG\u0130LEND\u0130RME TED Denizli Koleji olarak 6698 say\u0131l\u0131 Ki\u015fisel Verilerin Korunmas\u0131 Kanunu (\u201cKVKK\u201d) uyar\u0131nca; \u201cVeri Sorumlusu\u201d s\u0131fat\u0131yla, i\u015fleme amac\u0131 ile ba\u011flant\u0131l\u0131, s\u0131n\u0131rl\u0131<span class=\"excerpt-hellip\"> [\u2026]<\/span><\/p>\n","protected":false},"author":2,"featured_media":0,"parent":226,"menu_order":0,"comment_status":"closed","ping_status":"closed","template":"","meta":{"footnotes":""},"class_list":["post-4331","page","type-page","status-publish","hentry"],"_links":{"self":[{"href":"https:\/\/www.teddenizli.k12.tr\/en\/wp-json\/wp\/v2\/pages\/4331","targetHints":{"allow":["GET"]}}],"collection":[{"href":"https:\/\/www.teddenizli.k12.tr\/en\/wp-json\/wp\/v2\/pages"}],"about":[{"href":"https:\/\/www.teddenizli.k12.tr\/en\/wp-json\/wp\/v2\/types\/page"}],"author":[{"embeddable":true,"href":"https:\/\/www.teddenizli.k12.tr\/en\/wp-json\/wp\/v2\/users\/2"}],"replies":[{"embeddable":true,"href":"https:\/\/www.teddenizli.k12.tr\/en\/wp-json\/wp\/v2\/comments?post=4331"}],"version-history":[{"count":0,"href":"https:\/\/www.teddenizli.k12.tr\/en\/wp-json\/wp\/v2\/pages\/4331\/revisions"}],"up":[{"embeddable":true,"href":"https:\/\/www.teddenizli.k12.tr\/en\/wp-json\/wp\/v2\/pages\/226"}],"wp:attachment":[{"href":"https:\/\/www.teddenizli.k12.tr\/en\/wp-json\/wp\/v2\/media?parent=4331"}],"curies":[{"name":"wp","href":"https:\/\/api.w.org\/{rel}","templated":true}]}}