{"id":288,"date":"2017-11-01T10:54:12","date_gmt":"2017-11-01T08:54:12","guid":{"rendered":"http:\/\/www.tedkuzeykibris.k12.tr\/?page_id=288"},"modified":"2019-01-09T17:10:35","modified_gmt":"2019-01-09T14:10:35","slug":"uygulamalar-ve-projeler","status":"publish","type":"page","link":"https:\/\/www.teddenizli.k12.tr\/en\/ilkokul\/uygulamalar-ve-projeler\/","title":{"rendered":"Uygulamalar ve Projeler"},"content":{"rendered":"<p>\u2022\t2.ADIM PROGRAMI (Sosyal \u2013 Duygusal Becerileri Geli\u015ftirme ve \u015eiddeti \u00d6nleme Program\u0131 )<br \/>\n\u2022\tFen ve Matematik Okur Yazarl\u0131\u011f\u0131<br \/>\n\u2022\tProje Haz\u0131rlama E\u011fitimleri<br \/>\n\u2022\tUlusal ve Uluslararas\u0131 Projeler<br \/>\n\u2022\tYarat\u0131c\u0131 Yazarl\u0131k<br \/>\n\u2022\tNezaket E\u011fitimi<br \/>\n\u2022\tGenel K\u00fclt\u00fcr E\u011fitimi<br \/>\n\u2022\tAidiyet \u00c7al\u0131\u015fmalar\u0131<br \/>\n\u2022\tAile Kat\u0131l\u0131m Etkinlikleri<br \/>\n\u2022\t\u00d6\u011fretmenimle Sohbet Ediyorum<br \/>\n\u2022\tPDR<br \/>\n\u2022\tTED De\u011ferler E\u011fitimi<br \/>\n\u2022\tEt\u00fct \u00c7al\u0131\u015fmalar\u0131<br \/>\n\u2022\tSpor K\u00fclt\u00fcr Sanat Etkinlikleri<\/p>\n","protected":false},"excerpt":{"rendered":"<p>\u2022 2.ADIM PROGRAMI (Sosyal \u2013 Duygusal Becerileri Geli\u015ftirme ve \u015eiddeti \u00d6nleme Program\u0131 ) \u2022 Fen ve Matematik Okur Yazarl\u0131\u011f\u0131 \u2022 Proje Haz\u0131rlama E\u011fitimleri \u2022 Ulusal ve<span class=\"excerpt-hellip\"> [\u2026]<\/span><\/p>\n","protected":false},"author":2,"featured_media":0,"parent":284,"menu_order":0,"comment_status":"closed","ping_status":"closed","template":"","meta":{"footnotes":""},"class_list":["post-288","page","type-page","status-publish","hentry"],"_links":{"self":[{"href":"https:\/\/www.teddenizli.k12.tr\/en\/wp-json\/wp\/v2\/pages\/288","targetHints":{"allow":["GET"]}}],"collection":[{"href":"https:\/\/www.teddenizli.k12.tr\/en\/wp-json\/wp\/v2\/pages"}],"about":[{"href":"https:\/\/www.teddenizli.k12.tr\/en\/wp-json\/wp\/v2\/types\/page"}],"author":[{"embeddable":true,"href":"https:\/\/www.teddenizli.k12.tr\/en\/wp-json\/wp\/v2\/users\/2"}],"replies":[{"embeddable":true,"href":"https:\/\/www.teddenizli.k12.tr\/en\/wp-json\/wp\/v2\/comments?post=288"}],"version-history":[{"count":0,"href":"https:\/\/www.teddenizli.k12.tr\/en\/wp-json\/wp\/v2\/pages\/288\/revisions"}],"up":[{"embeddable":true,"href":"https:\/\/www.teddenizli.k12.tr\/en\/wp-json\/wp\/v2\/pages\/284"}],"wp:attachment":[{"href":"https:\/\/www.teddenizli.k12.tr\/en\/wp-json\/wp\/v2\/media?parent=288"}],"curies":[{"name":"wp","href":"https:\/\/api.w.org\/{rel}","templated":true}]}}